{"id":7183,"date":"2025-08-16T17:50:51","date_gmt":"2025-08-16T17:50:51","guid":{"rendered":"https:\/\/vasaroserdve.lt\/?post_type=product&#038;p=7183"},"modified":"2026-03-28T18:32:18","modified_gmt":"2026-03-28T18:32:18","slug":"lauko-baldu-komplektas-liza","status":"publish","type":"product","link":"https:\/\/vasaroserdve.lt\/en\/furniture\/lauko-baldu-komplektas-liza\/","title":{"rendered":"Lauko bald\u0173 komplektas &#8211; Liza"},"content":{"rendered":"","protected":false},"excerpt":{"rendered":"<p>Valgomojo komplektas &#8211; m\u016bs\u0173 si\u016blomos k\u0117d\u0117s yra kokybi\u0161kos, tvirtos, ta\u010diau lengvos ir negriozdi\u0161kos, tod\u0117l jas lengva perkelti i\u0161 vienos vietos \u012f kit\u0105. Foteliukai yra gil\u016bs ir mink\u0161ti, tod\u0117l s\u0117d\u0117ti valgant yra itin patogu, nes j\u0173 auk\u0161tis yra idealus tiek valgymui, tiek poilsiui. Audinys yra impregnuotas, tod\u0117l lengvai valomas ir pri\u017ei\u016brimas \u2013 tiesiog nuvalykite \u0161lapiu skudur\u0117liu, ir j\u016bs\u0173 baldai atrodys kaip nauji. Tvirta konstrukcija u\u017etikrina ilgaam\u017ei\u0161kum\u0105, tod\u0117l baldai tarnaus daug met\u0173.<\/p>\n<p>S\u0117dimos dalies pagalv\u0117l\u0117s yra pagamintos i\u0161 auk\u0161tos kokyb\u0117s med\u017eiag\u0173, kurios yra lengvai pri\u017ei\u016brimos. Impregnuotas audinys ne tik apsaugo nuo ne\u0161varum\u0173, bet ir leid\u017eia lengvai nuvalyti d\u0117mes bei ne\u0161varumus. Be to, baldai yra pagaminti i\u0161 aliuminio r\u0117mo ir apipinti ratano vytele, tod\u0117l jie yra ne tik patvar\u016bs, bet ir lengvi, leid\u017eiantys lengvai perkelti juos \u012f kit\u0105 terasos viet\u0105.<\/p>\n<p>\u0160is valgomojo komplektas yra puikus pasirinkimas tiek ma\u017eoms, tiek didel\u0117ms terasoms. Jo universalumas leid\u017eia pritaikyti baldus pagal j\u016bs\u0173 poreikius ir sukurti jauki\u0105, patogi\u0105 ir stiling\u0105 lauko erdv\u0119.<\/p>\n<p>Fotelis 65x 75x 90 cm<\/p>\n<p><span class=\"gmail_default\">Stalas 70x 70 cm<\/span><\/p>\n","protected":false},"featured_media":7782,"template":"","meta":{"_acf_changed":false},"product_brand":[],"product_cat":[170],"product_tag":[],"class_list":{"0":"post-7183","1":"product","2":"type-product","3":"status-publish","4":"has-post-thumbnail","6":"product_cat-lauko-baldai-balkonui","8":"first","9":"instock","10":"taxable","11":"shipping-taxable","12":"purchasable","13":"product-type-simple"},"acf":[],"yoast_head":"<!-- This site is optimized with the Yoast SEO Premium plugin v23.0 (Yoast SEO v27.2) - https:\/\/yoast.com\/product\/yoast-seo-premium-wordpress\/ -->\n<title>Lauko bald\u0173 komplektas - Liza - Vasaros Erdv\u0117<\/title>\n<meta name=\"description\" content=\"M\u016bs\u0173 \u012fmon\u0117 specializuojasi lauko bald\u0173 i\u0161 ratano vyteles prekyboje. Mes si\u016blome plat\u0173 bald\u0173 asortiment\u0105, kuris apima visk\u0105 nuo sofos ir k\u0117d\u017ei\u0173 iki stal\u0173 ir saul\u0117s gult\u0173 ar pakabinam\u0173 kr\u0117sl\u0173. Baldai gaminami i\u0161 auk\u0161tos kokyb\u0117s ir ilgaam\u017ei\u0161kos HDPE ratano vyteles ir aliuminio r\u0117mo.\" \/>\n<meta name=\"robots\" content=\"index, follow, max-snippet:-1, max-image-preview:large, max-video-preview:-1\" \/>\n<link rel=\"canonical\" href=\"https:\/\/vasaroserdve.lt\/baldai\/lauko-baldu-komplektas-liza\/\" \/>\n<meta property=\"og:locale\" content=\"en_US\" \/>\n<meta property=\"og:type\" content=\"article\" \/>\n<meta property=\"og:title\" content=\"Lauko bald\u0173 komplektas - Liza\" \/>\n<meta property=\"og:description\" content=\"M\u016bs\u0173 \u012fmon\u0117 specializuojasi lauko bald\u0173 i\u0161 ratano vyteles prekyboje. Mes si\u016blome plat\u0173 bald\u0173 asortiment\u0105, kuris apima visk\u0105 nuo sofos ir k\u0117d\u017ei\u0173 iki stal\u0173 ir saul\u0117s gult\u0173 ar pakabinam\u0173 kr\u0117sl\u0173. Baldai gaminami i\u0161 auk\u0161tos kokyb\u0117s ir ilgaam\u017ei\u0161kos HDPE ratano vyteles ir aliuminio r\u0117mo.\" \/>\n<meta property=\"og:url\" content=\"https:\/\/vasaroserdve.lt\/baldai\/lauko-baldu-komplektas-liza\/\" \/>\n<meta property=\"og:site_name\" content=\"Vasaros Erdv\u0117\" \/>\n<meta property=\"article:publisher\" content=\"https:\/\/www.facebook.com\/summerloungelietuva\/\" \/>\n<meta property=\"article:modified_time\" content=\"2026-03-28T18:32:18+00:00\" \/>\n<meta property=\"og:image\" content=\"https:\/\/vasaroserdve.lt\/wp-content\/uploads\/2025\/08\/liza-2-1024x825.png\" \/>\n\t<meta property=\"og:image:width\" content=\"1024\" \/>\n\t<meta property=\"og:image:height\" content=\"825\" \/>\n\t<meta property=\"og:image:type\" content=\"image\/png\" \/>\n<meta name=\"twitter:card\" content=\"summary_large_image\" \/>\n<meta name=\"twitter:label1\" content=\"Price\" \/>\n\t<meta name=\"twitter:data1\" content=\"590,00&nbsp;&euro; su PVM (21%)\" \/>\n\t<meta name=\"twitter:label2\" content=\"Availability\" \/>\n\t<meta name=\"twitter:data2\" content=\"In stock\" \/>\n<script type=\"application\/ld+json\" class=\"yoast-schema-graph\">{\"@context\":\"https:\/\/schema.org\",\"@graph\":[{\"@type\":\"WebPage\",\"@id\":\"https:\/\/vasaroserdve.lt\/baldai\/lauko-baldu-komplektas-liza\/\",\"url\":\"https:\/\/vasaroserdve.lt\/baldai\/lauko-baldu-komplektas-liza\/\",\"name\":\"Lauko bald\u0173 komplektas - Liza - Vasaros Erdv\u0117\",\"isPartOf\":{\"@id\":\"https:\/\/vasaroserdve.lt\/#website\"},\"primaryImageOfPage\":{\"@id\":\"https:\/\/vasaroserdve.lt\/baldai\/lauko-baldu-komplektas-liza\/#primaryimage\"},\"image\":{\"@id\":\"https:\/\/vasaroserdve.lt\/baldai\/lauko-baldu-komplektas-liza\/#primaryimage\"},\"thumbnailUrl\":\"https:\/\/vasaroserdve.lt\/wp-content\/uploads\/2025\/08\/liza-2.png\",\"datePublished\":\"2025-08-16T17:50:51+00:00\",\"dateModified\":\"2026-03-28T18:32:18+00:00\",\"description\":\"M\u016bs\u0173 \u012fmon\u0117 specializuojasi lauko bald\u0173 i\u0161 ratano vyteles prekyboje. Mes si\u016blome plat\u0173 bald\u0173 asortiment\u0105, kuris apima visk\u0105 nuo sofos ir k\u0117d\u017ei\u0173 iki stal\u0173 ir saul\u0117s gult\u0173 ar pakabinam\u0173 kr\u0117sl\u0173. Baldai gaminami i\u0161 auk\u0161tos kokyb\u0117s ir ilgaam\u017ei\u0161kos HDPE ratano vyteles ir aliuminio r\u0117mo.\",\"breadcrumb\":{\"@id\":\"https:\/\/vasaroserdve.lt\/baldai\/lauko-baldu-komplektas-liza\/#breadcrumb\"},\"inLanguage\":\"en-US\",\"potentialAction\":[{\"@type\":\"ReadAction\",\"target\":[\"https:\/\/vasaroserdve.lt\/baldai\/lauko-baldu-komplektas-liza\/\"]}]},{\"@type\":\"ImageObject\",\"inLanguage\":\"en-US\",\"@id\":\"https:\/\/vasaroserdve.lt\/baldai\/lauko-baldu-komplektas-liza\/#primaryimage\",\"url\":\"https:\/\/vasaroserdve.lt\/wp-content\/uploads\/2025\/08\/liza-2.png\",\"contentUrl\":\"https:\/\/vasaroserdve.lt\/wp-content\/uploads\/2025\/08\/liza-2.png\",\"width\":2304,\"height\":1856},{\"@type\":\"BreadcrumbList\",\"@id\":\"https:\/\/vasaroserdve.lt\/baldai\/lauko-baldu-komplektas-liza\/#breadcrumb\",\"itemListElement\":[{\"@type\":\"ListItem\",\"position\":1,\"name\":\"Prad\u017eia\",\"item\":\"https:\/\/vasaroserdve.lt\/\"},{\"@type\":\"ListItem\",\"position\":2,\"name\":\"Katalogas\",\"item\":\"https:\/\/vasaroserdve.lt\/katalogas\/\"},{\"@type\":\"ListItem\",\"position\":3,\"name\":\"Lauko bald\u0173 komplektas &#8211; Liza\"}]},{\"@type\":\"WebSite\",\"@id\":\"https:\/\/vasaroserdve.lt\/#website\",\"url\":\"https:\/\/vasaroserdve.lt\/\",\"name\":\"Vasaros Erdv\u0117\",\"description\":\"Vasaros lauko bald\u0173 ekspertai pristatantys auk\u0161\u010diausios klas\u0117s sprendimus\",\"publisher\":{\"@id\":\"https:\/\/vasaroserdve.lt\/#organization\"},\"alternateName\":\"Summer Lounge\",\"potentialAction\":[{\"@type\":\"SearchAction\",\"target\":{\"@type\":\"EntryPoint\",\"urlTemplate\":\"https:\/\/vasaroserdve.lt\/?s={search_term_string}\"},\"query-input\":{\"@type\":\"PropertyValueSpecification\",\"valueRequired\":true,\"valueName\":\"search_term_string\"}}],\"inLanguage\":\"en-US\"},{\"@type\":\"Organization\",\"@id\":\"https:\/\/vasaroserdve.lt\/#organization\",\"name\":\"Vasaros Erdv\u0117\",\"alternateName\":\"Summer Lounge\",\"url\":\"https:\/\/vasaroserdve.lt\/\",\"logo\":{\"@type\":\"ImageObject\",\"inLanguage\":\"en-US\",\"@id\":\"https:\/\/vasaroserdve.lt\/#\/schema\/logo\/image\/\",\"url\":\"https:\/\/vasaroserdve.lt\/wp-content\/uploads\/2023\/01\/cropped-favicon-3.png\",\"contentUrl\":\"https:\/\/vasaroserdve.lt\/wp-content\/uploads\/2023\/01\/cropped-favicon-3.png\",\"width\":512,\"height\":512,\"caption\":\"Vasaros Erdv\u0117\"},\"image\":{\"@id\":\"https:\/\/vasaroserdve.lt\/#\/schema\/logo\/image\/\"},\"sameAs\":[\"https:\/\/www.facebook.com\/summerloungelietuva\/\",\"https:\/\/www.instagram.com\/_summer_lounge_\/\"]}]}<\/script>\n<meta property=\"product:price:amount\" content=\"590.00\" \/>\n<meta property=\"product:price:currency\" content=\"EUR\" \/>\n<meta property=\"og:availability\" content=\"instock\" \/>\n<meta property=\"product:availability\" content=\"instock\" \/>\n<meta property=\"product:condition\" content=\"new\" \/>\n<!-- \/ Yoast SEO Premium plugin. -->","yoast_head_json":{"title":"Lauko bald\u0173 komplektas - Liza - Vasaros Erdv\u0117","description":"M\u016bs\u0173 \u012fmon\u0117 specializuojasi lauko bald\u0173 i\u0161 ratano vyteles prekyboje. Mes si\u016blome plat\u0173 bald\u0173 asortiment\u0105, kuris apima visk\u0105 nuo sofos ir k\u0117d\u017ei\u0173 iki stal\u0173 ir saul\u0117s gult\u0173 ar pakabinam\u0173 kr\u0117sl\u0173. Baldai gaminami i\u0161 auk\u0161tos kokyb\u0117s ir ilgaam\u017ei\u0161kos HDPE ratano vyteles ir aliuminio r\u0117mo.","robots":{"index":"index","follow":"follow","max-snippet":"max-snippet:-1","max-image-preview":"max-image-preview:large","max-video-preview":"max-video-preview:-1"},"canonical":"https:\/\/vasaroserdve.lt\/baldai\/lauko-baldu-komplektas-liza\/","og_locale":"en_US","og_type":"article","og_title":"Lauko bald\u0173 komplektas - Liza","og_description":"M\u016bs\u0173 \u012fmon\u0117 specializuojasi lauko bald\u0173 i\u0161 ratano vyteles prekyboje. Mes si\u016blome plat\u0173 bald\u0173 asortiment\u0105, kuris apima visk\u0105 nuo sofos ir k\u0117d\u017ei\u0173 iki stal\u0173 ir saul\u0117s gult\u0173 ar pakabinam\u0173 kr\u0117sl\u0173. Baldai gaminami i\u0161 auk\u0161tos kokyb\u0117s ir ilgaam\u017ei\u0161kos HDPE ratano vyteles ir aliuminio r\u0117mo.","og_url":"https:\/\/vasaroserdve.lt\/baldai\/lauko-baldu-komplektas-liza\/","og_site_name":"Vasaros Erdv\u0117","article_publisher":"https:\/\/www.facebook.com\/summerloungelietuva\/","article_modified_time":"2026-03-28T18:32:18+00:00","og_image":[{"width":1024,"height":825,"url":"https:\/\/vasaroserdve.lt\/wp-content\/uploads\/2025\/08\/liza-2-1024x825.png","type":"image\/png"}],"twitter_card":"summary_large_image","twitter_misc":{"Price":"590,00&nbsp;&euro; su PVM (21%)","Availability":"In stock"},"schema":{"@context":"https:\/\/schema.org","@graph":[{"@type":"WebPage","@id":"https:\/\/vasaroserdve.lt\/baldai\/lauko-baldu-komplektas-liza\/","url":"https:\/\/vasaroserdve.lt\/baldai\/lauko-baldu-komplektas-liza\/","name":"Lauko bald\u0173 komplektas - Liza - Vasaros Erdv\u0117","isPartOf":{"@id":"https:\/\/vasaroserdve.lt\/#website"},"primaryImageOfPage":{"@id":"https:\/\/vasaroserdve.lt\/baldai\/lauko-baldu-komplektas-liza\/#primaryimage"},"image":{"@id":"https:\/\/vasaroserdve.lt\/baldai\/lauko-baldu-komplektas-liza\/#primaryimage"},"thumbnailUrl":"https:\/\/vasaroserdve.lt\/wp-content\/uploads\/2025\/08\/liza-2.png","datePublished":"2025-08-16T17:50:51+00:00","dateModified":"2026-03-28T18:32:18+00:00","description":"M\u016bs\u0173 \u012fmon\u0117 specializuojasi lauko bald\u0173 i\u0161 ratano vyteles prekyboje. Mes si\u016blome plat\u0173 bald\u0173 asortiment\u0105, kuris apima visk\u0105 nuo sofos ir k\u0117d\u017ei\u0173 iki stal\u0173 ir saul\u0117s gult\u0173 ar pakabinam\u0173 kr\u0117sl\u0173. Baldai gaminami i\u0161 auk\u0161tos kokyb\u0117s ir ilgaam\u017ei\u0161kos HDPE ratano vyteles ir aliuminio r\u0117mo.","breadcrumb":{"@id":"https:\/\/vasaroserdve.lt\/baldai\/lauko-baldu-komplektas-liza\/#breadcrumb"},"inLanguage":"en-US","potentialAction":[{"@type":"ReadAction","target":["https:\/\/vasaroserdve.lt\/baldai\/lauko-baldu-komplektas-liza\/"]}]},{"@type":"ImageObject","inLanguage":"en-US","@id":"https:\/\/vasaroserdve.lt\/baldai\/lauko-baldu-komplektas-liza\/#primaryimage","url":"https:\/\/vasaroserdve.lt\/wp-content\/uploads\/2025\/08\/liza-2.png","contentUrl":"https:\/\/vasaroserdve.lt\/wp-content\/uploads\/2025\/08\/liza-2.png","width":2304,"height":1856},{"@type":"BreadcrumbList","@id":"https:\/\/vasaroserdve.lt\/baldai\/lauko-baldu-komplektas-liza\/#breadcrumb","itemListElement":[{"@type":"ListItem","position":1,"name":"Prad\u017eia","item":"https:\/\/vasaroserdve.lt\/"},{"@type":"ListItem","position":2,"name":"Katalogas","item":"https:\/\/vasaroserdve.lt\/katalogas\/"},{"@type":"ListItem","position":3,"name":"Lauko bald\u0173 komplektas &#8211; Liza"}]},{"@type":"WebSite","@id":"https:\/\/vasaroserdve.lt\/#website","url":"https:\/\/vasaroserdve.lt\/","name":"Vasaros Erdv\u0117","description":"Vasaros lauko bald\u0173 ekspertai pristatantys auk\u0161\u010diausios klas\u0117s sprendimus","publisher":{"@id":"https:\/\/vasaroserdve.lt\/#organization"},"alternateName":"Summer Lounge","potentialAction":[{"@type":"SearchAction","target":{"@type":"EntryPoint","urlTemplate":"https:\/\/vasaroserdve.lt\/?s={search_term_string}"},"query-input":{"@type":"PropertyValueSpecification","valueRequired":true,"valueName":"search_term_string"}}],"inLanguage":"en-US"},{"@type":"Organization","@id":"https:\/\/vasaroserdve.lt\/#organization","name":"Vasaros Erdv\u0117","alternateName":"Summer Lounge","url":"https:\/\/vasaroserdve.lt\/","logo":{"@type":"ImageObject","inLanguage":"en-US","@id":"https:\/\/vasaroserdve.lt\/#\/schema\/logo\/image\/","url":"https:\/\/vasaroserdve.lt\/wp-content\/uploads\/2023\/01\/cropped-favicon-3.png","contentUrl":"https:\/\/vasaroserdve.lt\/wp-content\/uploads\/2023\/01\/cropped-favicon-3.png","width":512,"height":512,"caption":"Vasaros Erdv\u0117"},"image":{"@id":"https:\/\/vasaroserdve.lt\/#\/schema\/logo\/image\/"},"sameAs":["https:\/\/www.facebook.com\/summerloungelietuva\/","https:\/\/www.instagram.com\/_summer_lounge_\/"]}]},"product_price_amount":"590.00","product_price_currency":"EUR","og_availability":"instock","product_availability":"instock","product_condition":"new"},"_links":{"self":[{"href":"https:\/\/vasaroserdve.lt\/en\/wp-json\/wp\/v2\/product\/7183","targetHints":{"allow":["GET"]}}],"collection":[{"href":"https:\/\/vasaroserdve.lt\/en\/wp-json\/wp\/v2\/product"}],"about":[{"href":"https:\/\/vasaroserdve.lt\/en\/wp-json\/wp\/v2\/types\/product"}],"wp:featuredmedia":[{"embeddable":true,"href":"https:\/\/vasaroserdve.lt\/en\/wp-json\/wp\/v2\/media\/7782"}],"wp:attachment":[{"href":"https:\/\/vasaroserdve.lt\/en\/wp-json\/wp\/v2\/media?parent=7183"}],"wp:term":[{"taxonomy":"product_brand","embeddable":true,"href":"https:\/\/vasaroserdve.lt\/en\/wp-json\/wp\/v2\/product_brand?post=7183"},{"taxonomy":"product_cat","embeddable":true,"href":"https:\/\/vasaroserdve.lt\/en\/wp-json\/wp\/v2\/product_cat?post=7183"},{"taxonomy":"product_tag","embeddable":true,"href":"https:\/\/vasaroserdve.lt\/en\/wp-json\/wp\/v2\/product_tag?post=7183"}],"curies":[{"name":"wp","href":"https:\/\/api.w.org\/{rel}","templated":true}]}}