{"id":6279,"date":"2024-05-14T07:14:42","date_gmt":"2024-05-14T07:14:42","guid":{"rendered":"https:\/\/vasaroserdve.lt\/?post_type=product&#038;p=6279"},"modified":"2026-03-28T18:34:45","modified_gmt":"2026-03-28T18:34:45","slug":"lauko-baldu-komplektas-roger","status":"publish","type":"product","link":"https:\/\/vasaroserdve.lt\/en\/furniture\/lauko-baldu-komplektas-roger\/","title":{"rendered":"Lauko bald\u0173 komplektas &#8211; Roger"},"content":{"rendered":"","protected":false},"excerpt":{"rendered":"<div class=\"gmail_default\">\n<div class=\"gmail_default\">Itin stora 15 cm ir gili s\u0117dima pagalv\u0117 u\u017etikrina malon\u0173 poils\u012f. Pagalvi\u0173 u\u017evilkimus galima skalbti, tod\u0117l baldo prie\u017ei\u016bra lengva. Vytel\u0117 atspari atmosferos poveikiui, t.y gali stov\u0117ti lauke i\u0161tisus metus. Audinys neper\u0161lampamas ir lengvai valomas.\u00a0 Baldai sudaryti i\u0161 atskir\u0173 dali\u0173, kurias galima d\u0117lioti pagal poreik\u012f, tod\u0117l jie tinka \u012fvairioms terasoms. Yra jungtys, kurios jungia dalis, tod\u0117l baldai visada tvarkingi.<\/div>\n<div><\/div>\n<div class=\"gmail_default\">\n<div class=\"gmail-flex-shrink-0 gmail-flex gmail-flex-col gmail-relative gmail-items-end\">\n<div>\n<div class=\"gmail-pt-0\">\n<div class=\"gmail-gizmo-bot-avatar gmail-flex gmail-h-8 gmail-w-8 gmail-items-center gmail-justify-center gmail-overflow-hidden gmail-rounded-full\">\n<div class=\"gmail-relative gmail-p-1 gmail-rounded-sm gmail-flex gmail-items-center gmail-justify-center gmail-bg-token-main-surface-primary gmail-text-token-text-primary gmail-h-8 gmail-w-8\">Baldai pagaminti i\u0161 aliuminio r\u0117mo ir apipinti ratano vytele. Jie yra lengvi ir gali b\u016bti lengvai perkelti \u012f kit\u0105 terasos viet\u0105.<\/div>\n<\/div>\n<\/div>\n<\/div>\n<\/div>\n<\/div>\n<\/div>\n<p>Komplektacijoje kampas su \u017eemu stalu ir foteliu<\/p>\n<p>Kampo dydis\u00a0 \u00a0 \u00a0 \u00a0 \u00a0 \u00a0 \u00a0 \u00a0 300 x 300 x 76 cm<\/p>\n<p>Stalas \u017eemas\u00a0 \u00a0 \u00a0 \u00a0 \u00a0 \u00a0 \u00a0 \u00a0 120 x 90 x 40 cm<\/p>\n<p>Fotelis\u00a0 \u00a0 \u00a0 \u00a0 \u00a0 \u00a0 \u00a0 \u00a0 \u00a0 \u00a0 \u00a0 \u00a0 \u00a0 \u00a0 95 x 100 x 76 cm<\/p>\n","protected":false},"featured_media":7853,"template":"","meta":{"_acf_changed":false},"product_brand":[],"product_cat":[171,119],"product_tag":[],"class_list":{"0":"post-6279","1":"product","2":"type-product","3":"status-publish","4":"has-post-thumbnail","6":"product_cat-lauko-baldu-komplektai","7":"product_cat-minksti-lauko-baldai","9":"first","10":"outofstock","11":"taxable","12":"shipping-taxable","13":"purchasable","14":"product-type-variable"},"acf":[],"yoast_head":"<!-- This site is optimized with the Yoast SEO Premium plugin v23.0 (Yoast SEO v27.2) - https:\/\/yoast.com\/product\/yoast-seo-premium-wordpress\/ -->\n<title>Lauko bald\u0173 komplektas - Roger - Vasaros Erdv\u0117<\/title>\n<meta name=\"description\" content=\"M\u016bs\u0173 \u012fmon\u0117 specializuojasi lauko bald\u0173 i\u0161 ratano vyteles prekyboje. Mes si\u016blome plat\u0173 bald\u0173 asortiment\u0105, kuris apima visk\u0105 nuo sofos ir k\u0117d\u017ei\u0173 iki stal\u0173 ir saul\u0117s gult\u0173 ar pakabinam\u0173 kr\u0117sl\u0173. Baldai gaminami i\u0161 auk\u0161tos kokyb\u0117s ir ilgaam\u017ei\u0161kos HDPE ratano vyteles ir aliuminio r\u0117mo.\" \/>\n<meta name=\"robots\" content=\"index, follow, max-snippet:-1, max-image-preview:large, max-video-preview:-1\" \/>\n<link rel=\"canonical\" href=\"https:\/\/vasaroserdve.lt\/baldai\/lauko-baldu-komplektas-roger\/\" \/>\n<meta property=\"og:locale\" content=\"en_US\" \/>\n<meta property=\"og:type\" content=\"article\" \/>\n<meta property=\"og:title\" content=\"Lauko bald\u0173 komplektas - Roger\" \/>\n<meta property=\"og:description\" content=\"M\u016bs\u0173 \u012fmon\u0117 specializuojasi lauko bald\u0173 i\u0161 ratano vyteles prekyboje. Mes si\u016blome plat\u0173 bald\u0173 asortiment\u0105, kuris apima visk\u0105 nuo sofos ir k\u0117d\u017ei\u0173 iki stal\u0173 ir saul\u0117s gult\u0173 ar pakabinam\u0173 kr\u0117sl\u0173. Baldai gaminami i\u0161 auk\u0161tos kokyb\u0117s ir ilgaam\u017ei\u0161kos HDPE ratano vyteles ir aliuminio r\u0117mo.\" \/>\n<meta property=\"og:url\" content=\"https:\/\/vasaroserdve.lt\/baldai\/lauko-baldu-komplektas-roger\/\" \/>\n<meta property=\"og:site_name\" content=\"Vasaros Erdv\u0117\" \/>\n<meta property=\"article:publisher\" content=\"https:\/\/www.facebook.com\/summerloungelietuva\/\" \/>\n<meta property=\"article:modified_time\" content=\"2026-03-28T18:34:45+00:00\" \/>\n<meta property=\"og:image\" content=\"https:\/\/vasaroserdve.lt\/wp-content\/uploads\/2024\/05\/roger-3-1024x765.png\" \/>\n\t<meta property=\"og:image:width\" content=\"1024\" \/>\n\t<meta property=\"og:image:height\" content=\"765\" \/>\n\t<meta property=\"og:image:type\" content=\"image\/png\" \/>\n<meta name=\"twitter:card\" content=\"summary_large_image\" \/>\n<meta name=\"twitter:label1\" content=\"Availability\" \/>\n\t<meta name=\"twitter:data1\" content=\"Out of stock\" \/>\n<script type=\"application\/ld+json\" class=\"yoast-schema-graph\">{\"@context\":\"https:\/\/schema.org\",\"@graph\":[{\"@type\":\"WebPage\",\"@id\":\"https:\/\/vasaroserdve.lt\/baldai\/lauko-baldu-komplektas-roger\/\",\"url\":\"https:\/\/vasaroserdve.lt\/baldai\/lauko-baldu-komplektas-roger\/\",\"name\":\"Lauko bald\u0173 komplektas - Roger - Vasaros Erdv\u0117\",\"isPartOf\":{\"@id\":\"https:\/\/vasaroserdve.lt\/#website\"},\"primaryImageOfPage\":{\"@id\":\"https:\/\/vasaroserdve.lt\/baldai\/lauko-baldu-komplektas-roger\/#primaryimage\"},\"image\":{\"@id\":\"https:\/\/vasaroserdve.lt\/baldai\/lauko-baldu-komplektas-roger\/#primaryimage\"},\"thumbnailUrl\":\"https:\/\/vasaroserdve.lt\/wp-content\/uploads\/2024\/05\/roger-3.png\",\"datePublished\":\"2024-05-14T07:14:42+00:00\",\"dateModified\":\"2026-03-28T18:34:45+00:00\",\"description\":\"M\u016bs\u0173 \u012fmon\u0117 specializuojasi lauko bald\u0173 i\u0161 ratano vyteles prekyboje. Mes si\u016blome plat\u0173 bald\u0173 asortiment\u0105, kuris apima visk\u0105 nuo sofos ir k\u0117d\u017ei\u0173 iki stal\u0173 ir saul\u0117s gult\u0173 ar pakabinam\u0173 kr\u0117sl\u0173. Baldai gaminami i\u0161 auk\u0161tos kokyb\u0117s ir ilgaam\u017ei\u0161kos HDPE ratano vyteles ir aliuminio r\u0117mo.\",\"breadcrumb\":{\"@id\":\"https:\/\/vasaroserdve.lt\/baldai\/lauko-baldu-komplektas-roger\/#breadcrumb\"},\"inLanguage\":\"en-US\",\"potentialAction\":[{\"@type\":\"ReadAction\",\"target\":[\"https:\/\/vasaroserdve.lt\/baldai\/lauko-baldu-komplektas-roger\/\"]}]},{\"@type\":\"ImageObject\",\"inLanguage\":\"en-US\",\"@id\":\"https:\/\/vasaroserdve.lt\/baldai\/lauko-baldu-komplektas-roger\/#primaryimage\",\"url\":\"https:\/\/vasaroserdve.lt\/wp-content\/uploads\/2024\/05\/roger-3.png\",\"contentUrl\":\"https:\/\/vasaroserdve.lt\/wp-content\/uploads\/2024\/05\/roger-3.png\",\"width\":2400,\"height\":1792},{\"@type\":\"BreadcrumbList\",\"@id\":\"https:\/\/vasaroserdve.lt\/baldai\/lauko-baldu-komplektas-roger\/#breadcrumb\",\"itemListElement\":[{\"@type\":\"ListItem\",\"position\":1,\"name\":\"Prad\u017eia\",\"item\":\"https:\/\/vasaroserdve.lt\/\"},{\"@type\":\"ListItem\",\"position\":2,\"name\":\"Katalogas\",\"item\":\"https:\/\/vasaroserdve.lt\/katalogas\/\"},{\"@type\":\"ListItem\",\"position\":3,\"name\":\"Lauko bald\u0173 komplektas &#8211; Roger\"}]},{\"@type\":\"WebSite\",\"@id\":\"https:\/\/vasaroserdve.lt\/#website\",\"url\":\"https:\/\/vasaroserdve.lt\/\",\"name\":\"Vasaros Erdv\u0117\",\"description\":\"Vasaros lauko bald\u0173 ekspertai pristatantys auk\u0161\u010diausios klas\u0117s sprendimus\",\"publisher\":{\"@id\":\"https:\/\/vasaroserdve.lt\/#organization\"},\"alternateName\":\"Summer Lounge\",\"potentialAction\":[{\"@type\":\"SearchAction\",\"target\":{\"@type\":\"EntryPoint\",\"urlTemplate\":\"https:\/\/vasaroserdve.lt\/?s={search_term_string}\"},\"query-input\":{\"@type\":\"PropertyValueSpecification\",\"valueRequired\":true,\"valueName\":\"search_term_string\"}}],\"inLanguage\":\"en-US\"},{\"@type\":\"Organization\",\"@id\":\"https:\/\/vasaroserdve.lt\/#organization\",\"name\":\"Vasaros Erdv\u0117\",\"alternateName\":\"Summer Lounge\",\"url\":\"https:\/\/vasaroserdve.lt\/\",\"logo\":{\"@type\":\"ImageObject\",\"inLanguage\":\"en-US\",\"@id\":\"https:\/\/vasaroserdve.lt\/#\/schema\/logo\/image\/\",\"url\":\"https:\/\/vasaroserdve.lt\/wp-content\/uploads\/2023\/01\/cropped-favicon-3.png\",\"contentUrl\":\"https:\/\/vasaroserdve.lt\/wp-content\/uploads\/2023\/01\/cropped-favicon-3.png\",\"width\":512,\"height\":512,\"caption\":\"Vasaros Erdv\u0117\"},\"image\":{\"@id\":\"https:\/\/vasaroserdve.lt\/#\/schema\/logo\/image\/\"},\"sameAs\":[\"https:\/\/www.facebook.com\/summerloungelietuva\/\",\"https:\/\/www.instagram.com\/_summer_lounge_\/\"]}]}<\/script>\n<meta property=\"og:availability\" content=\"out of stock\" \/>\n<meta property=\"product:availability\" content=\"out of stock\" \/>\n<meta property=\"product:condition\" content=\"new\" \/>\n<!-- \/ Yoast SEO Premium plugin. -->","yoast_head_json":{"title":"Lauko bald\u0173 komplektas - Roger - Vasaros Erdv\u0117","description":"M\u016bs\u0173 \u012fmon\u0117 specializuojasi lauko bald\u0173 i\u0161 ratano vyteles prekyboje. Mes si\u016blome plat\u0173 bald\u0173 asortiment\u0105, kuris apima visk\u0105 nuo sofos ir k\u0117d\u017ei\u0173 iki stal\u0173 ir saul\u0117s gult\u0173 ar pakabinam\u0173 kr\u0117sl\u0173. Baldai gaminami i\u0161 auk\u0161tos kokyb\u0117s ir ilgaam\u017ei\u0161kos HDPE ratano vyteles ir aliuminio r\u0117mo.","robots":{"index":"index","follow":"follow","max-snippet":"max-snippet:-1","max-image-preview":"max-image-preview:large","max-video-preview":"max-video-preview:-1"},"canonical":"https:\/\/vasaroserdve.lt\/baldai\/lauko-baldu-komplektas-roger\/","og_locale":"en_US","og_type":"article","og_title":"Lauko bald\u0173 komplektas - Roger","og_description":"M\u016bs\u0173 \u012fmon\u0117 specializuojasi lauko bald\u0173 i\u0161 ratano vyteles prekyboje. Mes si\u016blome plat\u0173 bald\u0173 asortiment\u0105, kuris apima visk\u0105 nuo sofos ir k\u0117d\u017ei\u0173 iki stal\u0173 ir saul\u0117s gult\u0173 ar pakabinam\u0173 kr\u0117sl\u0173. Baldai gaminami i\u0161 auk\u0161tos kokyb\u0117s ir ilgaam\u017ei\u0161kos HDPE ratano vyteles ir aliuminio r\u0117mo.","og_url":"https:\/\/vasaroserdve.lt\/baldai\/lauko-baldu-komplektas-roger\/","og_site_name":"Vasaros Erdv\u0117","article_publisher":"https:\/\/www.facebook.com\/summerloungelietuva\/","article_modified_time":"2026-03-28T18:34:45+00:00","og_image":[{"width":1024,"height":765,"url":"https:\/\/vasaroserdve.lt\/wp-content\/uploads\/2024\/05\/roger-3-1024x765.png","type":"image\/png"}],"twitter_card":"summary_large_image","twitter_misc":{"Availability":"Out of stock"},"schema":{"@context":"https:\/\/schema.org","@graph":[{"@type":"WebPage","@id":"https:\/\/vasaroserdve.lt\/baldai\/lauko-baldu-komplektas-roger\/","url":"https:\/\/vasaroserdve.lt\/baldai\/lauko-baldu-komplektas-roger\/","name":"Lauko bald\u0173 komplektas - Roger - Vasaros Erdv\u0117","isPartOf":{"@id":"https:\/\/vasaroserdve.lt\/#website"},"primaryImageOfPage":{"@id":"https:\/\/vasaroserdve.lt\/baldai\/lauko-baldu-komplektas-roger\/#primaryimage"},"image":{"@id":"https:\/\/vasaroserdve.lt\/baldai\/lauko-baldu-komplektas-roger\/#primaryimage"},"thumbnailUrl":"https:\/\/vasaroserdve.lt\/wp-content\/uploads\/2024\/05\/roger-3.png","datePublished":"2024-05-14T07:14:42+00:00","dateModified":"2026-03-28T18:34:45+00:00","description":"M\u016bs\u0173 \u012fmon\u0117 specializuojasi lauko bald\u0173 i\u0161 ratano vyteles prekyboje. Mes si\u016blome plat\u0173 bald\u0173 asortiment\u0105, kuris apima visk\u0105 nuo sofos ir k\u0117d\u017ei\u0173 iki stal\u0173 ir saul\u0117s gult\u0173 ar pakabinam\u0173 kr\u0117sl\u0173. Baldai gaminami i\u0161 auk\u0161tos kokyb\u0117s ir ilgaam\u017ei\u0161kos HDPE ratano vyteles ir aliuminio r\u0117mo.","breadcrumb":{"@id":"https:\/\/vasaroserdve.lt\/baldai\/lauko-baldu-komplektas-roger\/#breadcrumb"},"inLanguage":"en-US","potentialAction":[{"@type":"ReadAction","target":["https:\/\/vasaroserdve.lt\/baldai\/lauko-baldu-komplektas-roger\/"]}]},{"@type":"ImageObject","inLanguage":"en-US","@id":"https:\/\/vasaroserdve.lt\/baldai\/lauko-baldu-komplektas-roger\/#primaryimage","url":"https:\/\/vasaroserdve.lt\/wp-content\/uploads\/2024\/05\/roger-3.png","contentUrl":"https:\/\/vasaroserdve.lt\/wp-content\/uploads\/2024\/05\/roger-3.png","width":2400,"height":1792},{"@type":"BreadcrumbList","@id":"https:\/\/vasaroserdve.lt\/baldai\/lauko-baldu-komplektas-roger\/#breadcrumb","itemListElement":[{"@type":"ListItem","position":1,"name":"Prad\u017eia","item":"https:\/\/vasaroserdve.lt\/"},{"@type":"ListItem","position":2,"name":"Katalogas","item":"https:\/\/vasaroserdve.lt\/katalogas\/"},{"@type":"ListItem","position":3,"name":"Lauko bald\u0173 komplektas &#8211; Roger"}]},{"@type":"WebSite","@id":"https:\/\/vasaroserdve.lt\/#website","url":"https:\/\/vasaroserdve.lt\/","name":"Vasaros Erdv\u0117","description":"Vasaros lauko bald\u0173 ekspertai pristatantys auk\u0161\u010diausios klas\u0117s sprendimus","publisher":{"@id":"https:\/\/vasaroserdve.lt\/#organization"},"alternateName":"Summer Lounge","potentialAction":[{"@type":"SearchAction","target":{"@type":"EntryPoint","urlTemplate":"https:\/\/vasaroserdve.lt\/?s={search_term_string}"},"query-input":{"@type":"PropertyValueSpecification","valueRequired":true,"valueName":"search_term_string"}}],"inLanguage":"en-US"},{"@type":"Organization","@id":"https:\/\/vasaroserdve.lt\/#organization","name":"Vasaros Erdv\u0117","alternateName":"Summer Lounge","url":"https:\/\/vasaroserdve.lt\/","logo":{"@type":"ImageObject","inLanguage":"en-US","@id":"https:\/\/vasaroserdve.lt\/#\/schema\/logo\/image\/","url":"https:\/\/vasaroserdve.lt\/wp-content\/uploads\/2023\/01\/cropped-favicon-3.png","contentUrl":"https:\/\/vasaroserdve.lt\/wp-content\/uploads\/2023\/01\/cropped-favicon-3.png","width":512,"height":512,"caption":"Vasaros Erdv\u0117"},"image":{"@id":"https:\/\/vasaroserdve.lt\/#\/schema\/logo\/image\/"},"sameAs":["https:\/\/www.facebook.com\/summerloungelietuva\/","https:\/\/www.instagram.com\/_summer_lounge_\/"]}]},"og_availability":"out of stock","product_availability":"out of stock","product_condition":"new"},"_links":{"self":[{"href":"https:\/\/vasaroserdve.lt\/en\/wp-json\/wp\/v2\/product\/6279","targetHints":{"allow":["GET"]}}],"collection":[{"href":"https:\/\/vasaroserdve.lt\/en\/wp-json\/wp\/v2\/product"}],"about":[{"href":"https:\/\/vasaroserdve.lt\/en\/wp-json\/wp\/v2\/types\/product"}],"wp:featuredmedia":[{"embeddable":true,"href":"https:\/\/vasaroserdve.lt\/en\/wp-json\/wp\/v2\/media\/7853"}],"wp:attachment":[{"href":"https:\/\/vasaroserdve.lt\/en\/wp-json\/wp\/v2\/media?parent=6279"}],"wp:term":[{"taxonomy":"product_brand","embeddable":true,"href":"https:\/\/vasaroserdve.lt\/en\/wp-json\/wp\/v2\/product_brand?post=6279"},{"taxonomy":"product_cat","embeddable":true,"href":"https:\/\/vasaroserdve.lt\/en\/wp-json\/wp\/v2\/product_cat?post=6279"},{"taxonomy":"product_tag","embeddable":true,"href":"https:\/\/vasaroserdve.lt\/en\/wp-json\/wp\/v2\/product_tag?post=6279"}],"curies":[{"name":"wp","href":"https:\/\/api.w.org\/{rel}","templated":true}]}}