{"id":4204,"date":"2023-03-06T17:20:29","date_gmt":"2023-03-06T17:20:29","guid":{"rendered":"https:\/\/vasaroserdve.lt\/?post_type=product&#038;p=4204"},"modified":"2026-03-26T19:04:50","modified_gmt":"2026-03-26T19:04:50","slug":"lauko-baldu-komplektas-nica","status":"publish","type":"product","link":"https:\/\/vasaroserdve.lt\/en\/furniture\/lauko-baldu-komplektas-nica\/","title":{"rendered":"Lauko bald\u0173 komplektas &#8211; Nica"},"content":{"rendered":"<table class=\"wp-list-table widefat fixed striped table-view-list posts\">\n<tbody id=\"the-list\">\n<tr id=\"post-4206\" class=\"iedit author-self level-0 post-4206 type-wpcmtt_hotspots status-publish hentry\">\n<td class=\"shortcode column-shortcode\" data-colname=\"Shortcode\"><div class=\"wpcmtt_hotspot_container\"><img decoding=\"async\" id=\"wpcmtt_image_hotspots_4206\" src=\"http:\/\/vasaroserdve.lt\/wp-content\/uploads\/2023\/03\/IMG_2833.jpg\" ><div class='wpcmtt-hotspot' style='top:56.24%; left:52.27%;' data-hotspot_id='4206_1' ><img class='wpcmtt_hotspot_pin' id='hotspot_4206_1' src='http:\/\/vasaroserdve.lt\/wp-content\/uploads\/2023\/01\/cropped-favicon-4.png' ><\/div><div class='wpcmtt-hotspot' style='top:31.64%; left:13.36%;' data-hotspot_id='4206_2' ><img class='wpcmtt_hotspot_pin' id='hotspot_4206_2' src='http:\/\/vasaroserdve.lt\/wp-content\/uploads\/2023\/01\/cropped-favicon-4.png' ><\/div><span class='wpcmtt ' data-wpcmtt-id='4206_1' data-wpcmtt-selector='.wpcmtt-hotspot[data-hotspot_id=&#039;4206_1&#039;] .wpcmtt_hotspot_pin'  data-wpcmtt-type=text data-wpcmtt-style_id='123' style='display:block; position: absolute; left: -28000px; top: -28000px;'>Staliukas<br \/>\r\n50x 50x 50 cm<\/span><span class='wpcmtt ' data-wpcmtt-id='4206_2' data-wpcmtt-selector='.wpcmtt-hotspot[data-hotspot_id=&#039;4206_2&#039;] .wpcmtt_hotspot_pin'  data-wpcmtt-type=text data-wpcmtt-style_id='123' style='display:block; position: absolute; left: -28000px; top: -28000px;'>Foteliukas<br \/>\r\n87x 75x 75 cm<\/span><\/div><style> #hotspot_4206_1,#hotspot_4206_2{ width:20px; height:auto;}  @media (max-width: 767px) { #hotspot_4206_1,#hotspot_4206_2{width:30px;}}  #hotspot_4206_1,#hotspot_4206_2{ -webkit-animation: hotspot_pulse__4206_1__4206_2 1s ease-in-out infinite; animation: hotspot_pulse__4206_1__4206_2 1s ease-in-out infinite; transform-origin: top left; }\n@-webkit-keyframes hotspot_pulse__4206_1__4206_2 {\n  0% {\n    -webkit-transform: scale(1) translate(0%, 0%);\n    transform: scale(1) translate(0%, 0%);\n  }\n  50% {\n    -webkit-transform: scale(1.2) translate(0%, 0%);\n    transform: scale(1.2) translate(0%, 0%);\n  }\n  100% {\n    -webkit-transform: scale(1) translate(0%, 0%);\n    transform: scale(1) translate(0%, 0%);\n  }\n}\n@keyframes hotspot_pulse__4206_1__4206_2 {\n  0% {\n    -webkit-transform: scale(1) translate(0%, 0%);\n    -ms-transform: scale(1) translate(0%, 0%);\n    transform: scale(1) translate(0%, 0%);\n  }\n  50% {\n    -webkit-transform: scale(1.2) translate(0%, 0%);\n    -ms-transform: scale(1.2) translate(0%, 0%);\n    transform: scale(1.2) translate(0%, 0%);\n  }\n  100% {\n    -webkit-transform: scale(1) translate(0%, 0%);\n    -ms-transform: scale(1) translate(0%, 0%);\n    transform: scale(1) translate(0%, 0%);\n  }\n}\n<\/style><\/td>\n<\/tr>\n<\/tbody>\n<\/table>\n","protected":false},"excerpt":{"rendered":"<p>Komplektas Nica puikus pasirinkimas ma\u017eai terasai ar balkonui.<\/p>\n<p>Komplekt\u0105 sudaro: staliukas ir du foteliukai<\/p>\n","protected":false},"featured_media":7764,"template":"","meta":{"_acf_changed":false},"product_brand":[],"product_cat":[170],"product_tag":[],"class_list":{"0":"post-4204","1":"product","2":"type-product","3":"status-publish","4":"has-post-thumbnail","6":"product_cat-lauko-baldai-balkonui","8":"first","9":"outofstock","10":"taxable","11":"shipping-taxable","12":"purchasable","13":"product-type-variable","14":"has-default-attributes"},"acf":[],"yoast_head":"<!-- This site is optimized with the Yoast SEO Premium plugin v23.0 (Yoast SEO v27.2) - https:\/\/yoast.com\/product\/yoast-seo-premium-wordpress\/ -->\n<title>Lauko bald\u0173 komplektas - Nica - Vasaros Erdv\u0117<\/title>\n<meta name=\"description\" content=\"M\u016bs\u0173 \u012fmon\u0117 specializuojasi lauko bald\u0173 i\u0161 ratano vyteles prekyboje. Mes si\u016blome plat\u0173 bald\u0173 asortiment\u0105, kuris apima visk\u0105 nuo sofos ir k\u0117d\u017ei\u0173 iki stal\u0173 ir saul\u0117s gult\u0173 ar pakabinam\u0173 kr\u0117sl\u0173. Baldai gaminami i\u0161 auk\u0161tos kokyb\u0117s ir ilgaam\u017ei\u0161kos HDPE ratano vyteles ir aliuminio r\u0117mo.\" \/>\n<meta name=\"robots\" content=\"index, follow, max-snippet:-1, max-image-preview:large, max-video-preview:-1\" \/>\n<link rel=\"canonical\" href=\"https:\/\/vasaroserdve.lt\/baldai\/lauko-baldu-komplektas-nica\/\" \/>\n<meta property=\"og:locale\" content=\"en_US\" \/>\n<meta property=\"og:type\" content=\"article\" \/>\n<meta property=\"og:title\" content=\"Lauko bald\u0173 komplektas - Nica\" \/>\n<meta property=\"og:description\" content=\"M\u016bs\u0173 \u012fmon\u0117 specializuojasi lauko bald\u0173 i\u0161 ratano vyteles prekyboje. Mes si\u016blome plat\u0173 bald\u0173 asortiment\u0105, kuris apima visk\u0105 nuo sofos ir k\u0117d\u017ei\u0173 iki stal\u0173 ir saul\u0117s gult\u0173 ar pakabinam\u0173 kr\u0117sl\u0173. Baldai gaminami i\u0161 auk\u0161tos kokyb\u0117s ir ilgaam\u017ei\u0161kos HDPE ratano vyteles ir aliuminio r\u0117mo.\" \/>\n<meta property=\"og:url\" content=\"https:\/\/vasaroserdve.lt\/baldai\/lauko-baldu-komplektas-nica\/\" \/>\n<meta property=\"og:site_name\" content=\"Vasaros Erdv\u0117\" \/>\n<meta property=\"article:publisher\" content=\"https:\/\/www.facebook.com\/summerloungelietuva\/\" \/>\n<meta property=\"article:modified_time\" content=\"2026-03-26T19:04:50+00:00\" \/>\n<meta property=\"og:image\" content=\"https:\/\/vasaroserdve.lt\/wp-content\/uploads\/2023\/03\/Nica-765x1024.png\" \/>\n\t<meta property=\"og:image:width\" content=\"765\" \/>\n\t<meta property=\"og:image:height\" content=\"1024\" \/>\n\t<meta property=\"og:image:type\" content=\"image\/png\" \/>\n<meta name=\"twitter:card\" content=\"summary_large_image\" \/>\n<meta name=\"twitter:label1\" content=\"Availability\" \/>\n\t<meta name=\"twitter:data1\" content=\"Out of stock\" \/>\n<script type=\"application\/ld+json\" class=\"yoast-schema-graph\">{\"@context\":\"https:\/\/schema.org\",\"@graph\":[{\"@type\":\"WebPage\",\"@id\":\"https:\/\/vasaroserdve.lt\/baldai\/lauko-baldu-komplektas-nica\/\",\"url\":\"https:\/\/vasaroserdve.lt\/baldai\/lauko-baldu-komplektas-nica\/\",\"name\":\"Lauko bald\u0173 komplektas - Nica - Vasaros Erdv\u0117\",\"isPartOf\":{\"@id\":\"https:\/\/vasaroserdve.lt\/#website\"},\"primaryImageOfPage\":{\"@id\":\"https:\/\/vasaroserdve.lt\/baldai\/lauko-baldu-komplektas-nica\/#primaryimage\"},\"image\":{\"@id\":\"https:\/\/vasaroserdve.lt\/baldai\/lauko-baldu-komplektas-nica\/#primaryimage\"},\"thumbnailUrl\":\"https:\/\/vasaroserdve.lt\/wp-content\/uploads\/2023\/03\/Nica.png\",\"datePublished\":\"2023-03-06T17:20:29+00:00\",\"dateModified\":\"2026-03-26T19:04:50+00:00\",\"description\":\"M\u016bs\u0173 \u012fmon\u0117 specializuojasi lauko bald\u0173 i\u0161 ratano vyteles prekyboje. Mes si\u016blome plat\u0173 bald\u0173 asortiment\u0105, kuris apima visk\u0105 nuo sofos ir k\u0117d\u017ei\u0173 iki stal\u0173 ir saul\u0117s gult\u0173 ar pakabinam\u0173 kr\u0117sl\u0173. Baldai gaminami i\u0161 auk\u0161tos kokyb\u0117s ir ilgaam\u017ei\u0161kos HDPE ratano vyteles ir aliuminio r\u0117mo.\",\"breadcrumb\":{\"@id\":\"https:\/\/vasaroserdve.lt\/baldai\/lauko-baldu-komplektas-nica\/#breadcrumb\"},\"inLanguage\":\"en-US\",\"potentialAction\":[{\"@type\":\"ReadAction\",\"target\":[\"https:\/\/vasaroserdve.lt\/baldai\/lauko-baldu-komplektas-nica\/\"]}]},{\"@type\":\"ImageObject\",\"inLanguage\":\"en-US\",\"@id\":\"https:\/\/vasaroserdve.lt\/baldai\/lauko-baldu-komplektas-nica\/#primaryimage\",\"url\":\"https:\/\/vasaroserdve.lt\/wp-content\/uploads\/2023\/03\/Nica.png\",\"contentUrl\":\"https:\/\/vasaroserdve.lt\/wp-content\/uploads\/2023\/03\/Nica.png\",\"width\":1792,\"height\":2400},{\"@type\":\"BreadcrumbList\",\"@id\":\"https:\/\/vasaroserdve.lt\/baldai\/lauko-baldu-komplektas-nica\/#breadcrumb\",\"itemListElement\":[{\"@type\":\"ListItem\",\"position\":1,\"name\":\"Prad\u017eia\",\"item\":\"https:\/\/vasaroserdve.lt\/\"},{\"@type\":\"ListItem\",\"position\":2,\"name\":\"Katalogas\",\"item\":\"https:\/\/vasaroserdve.lt\/katalogas\/\"},{\"@type\":\"ListItem\",\"position\":3,\"name\":\"Lauko bald\u0173 komplektas &#8211; Nica\"}]},{\"@type\":\"WebSite\",\"@id\":\"https:\/\/vasaroserdve.lt\/#website\",\"url\":\"https:\/\/vasaroserdve.lt\/\",\"name\":\"Vasaros Erdv\u0117\",\"description\":\"Vasaros lauko bald\u0173 ekspertai pristatantys auk\u0161\u010diausios klas\u0117s sprendimus\",\"publisher\":{\"@id\":\"https:\/\/vasaroserdve.lt\/#organization\"},\"alternateName\":\"Summer Lounge\",\"potentialAction\":[{\"@type\":\"SearchAction\",\"target\":{\"@type\":\"EntryPoint\",\"urlTemplate\":\"https:\/\/vasaroserdve.lt\/?s={search_term_string}\"},\"query-input\":{\"@type\":\"PropertyValueSpecification\",\"valueRequired\":true,\"valueName\":\"search_term_string\"}}],\"inLanguage\":\"en-US\"},{\"@type\":\"Organization\",\"@id\":\"https:\/\/vasaroserdve.lt\/#organization\",\"name\":\"Vasaros Erdv\u0117\",\"alternateName\":\"Summer Lounge\",\"url\":\"https:\/\/vasaroserdve.lt\/\",\"logo\":{\"@type\":\"ImageObject\",\"inLanguage\":\"en-US\",\"@id\":\"https:\/\/vasaroserdve.lt\/#\/schema\/logo\/image\/\",\"url\":\"https:\/\/vasaroserdve.lt\/wp-content\/uploads\/2023\/01\/cropped-favicon-3.png\",\"contentUrl\":\"https:\/\/vasaroserdve.lt\/wp-content\/uploads\/2023\/01\/cropped-favicon-3.png\",\"width\":512,\"height\":512,\"caption\":\"Vasaros Erdv\u0117\"},\"image\":{\"@id\":\"https:\/\/vasaroserdve.lt\/#\/schema\/logo\/image\/\"},\"sameAs\":[\"https:\/\/www.facebook.com\/summerloungelietuva\/\",\"https:\/\/www.instagram.com\/_summer_lounge_\/\"]}]}<\/script>\n<meta property=\"og:availability\" content=\"out of stock\" \/>\n<meta property=\"product:availability\" content=\"out of stock\" \/>\n<meta property=\"product:condition\" content=\"new\" \/>\n<!-- \/ Yoast SEO Premium plugin. -->","yoast_head_json":{"title":"Lauko bald\u0173 komplektas - Nica - Vasaros Erdv\u0117","description":"M\u016bs\u0173 \u012fmon\u0117 specializuojasi lauko bald\u0173 i\u0161 ratano vyteles prekyboje. Mes si\u016blome plat\u0173 bald\u0173 asortiment\u0105, kuris apima visk\u0105 nuo sofos ir k\u0117d\u017ei\u0173 iki stal\u0173 ir saul\u0117s gult\u0173 ar pakabinam\u0173 kr\u0117sl\u0173. Baldai gaminami i\u0161 auk\u0161tos kokyb\u0117s ir ilgaam\u017ei\u0161kos HDPE ratano vyteles ir aliuminio r\u0117mo.","robots":{"index":"index","follow":"follow","max-snippet":"max-snippet:-1","max-image-preview":"max-image-preview:large","max-video-preview":"max-video-preview:-1"},"canonical":"https:\/\/vasaroserdve.lt\/baldai\/lauko-baldu-komplektas-nica\/","og_locale":"en_US","og_type":"article","og_title":"Lauko bald\u0173 komplektas - Nica","og_description":"M\u016bs\u0173 \u012fmon\u0117 specializuojasi lauko bald\u0173 i\u0161 ratano vyteles prekyboje. Mes si\u016blome plat\u0173 bald\u0173 asortiment\u0105, kuris apima visk\u0105 nuo sofos ir k\u0117d\u017ei\u0173 iki stal\u0173 ir saul\u0117s gult\u0173 ar pakabinam\u0173 kr\u0117sl\u0173. Baldai gaminami i\u0161 auk\u0161tos kokyb\u0117s ir ilgaam\u017ei\u0161kos HDPE ratano vyteles ir aliuminio r\u0117mo.","og_url":"https:\/\/vasaroserdve.lt\/baldai\/lauko-baldu-komplektas-nica\/","og_site_name":"Vasaros Erdv\u0117","article_publisher":"https:\/\/www.facebook.com\/summerloungelietuva\/","article_modified_time":"2026-03-26T19:04:50+00:00","og_image":[{"width":765,"height":1024,"url":"https:\/\/vasaroserdve.lt\/wp-content\/uploads\/2023\/03\/Nica-765x1024.png","type":"image\/png"}],"twitter_card":"summary_large_image","twitter_misc":{"Availability":"Out of stock"},"schema":{"@context":"https:\/\/schema.org","@graph":[{"@type":"WebPage","@id":"https:\/\/vasaroserdve.lt\/baldai\/lauko-baldu-komplektas-nica\/","url":"https:\/\/vasaroserdve.lt\/baldai\/lauko-baldu-komplektas-nica\/","name":"Lauko bald\u0173 komplektas - Nica - Vasaros Erdv\u0117","isPartOf":{"@id":"https:\/\/vasaroserdve.lt\/#website"},"primaryImageOfPage":{"@id":"https:\/\/vasaroserdve.lt\/baldai\/lauko-baldu-komplektas-nica\/#primaryimage"},"image":{"@id":"https:\/\/vasaroserdve.lt\/baldai\/lauko-baldu-komplektas-nica\/#primaryimage"},"thumbnailUrl":"https:\/\/vasaroserdve.lt\/wp-content\/uploads\/2023\/03\/Nica.png","datePublished":"2023-03-06T17:20:29+00:00","dateModified":"2026-03-26T19:04:50+00:00","description":"M\u016bs\u0173 \u012fmon\u0117 specializuojasi lauko bald\u0173 i\u0161 ratano vyteles prekyboje. Mes si\u016blome plat\u0173 bald\u0173 asortiment\u0105, kuris apima visk\u0105 nuo sofos ir k\u0117d\u017ei\u0173 iki stal\u0173 ir saul\u0117s gult\u0173 ar pakabinam\u0173 kr\u0117sl\u0173. Baldai gaminami i\u0161 auk\u0161tos kokyb\u0117s ir ilgaam\u017ei\u0161kos HDPE ratano vyteles ir aliuminio r\u0117mo.","breadcrumb":{"@id":"https:\/\/vasaroserdve.lt\/baldai\/lauko-baldu-komplektas-nica\/#breadcrumb"},"inLanguage":"en-US","potentialAction":[{"@type":"ReadAction","target":["https:\/\/vasaroserdve.lt\/baldai\/lauko-baldu-komplektas-nica\/"]}]},{"@type":"ImageObject","inLanguage":"en-US","@id":"https:\/\/vasaroserdve.lt\/baldai\/lauko-baldu-komplektas-nica\/#primaryimage","url":"https:\/\/vasaroserdve.lt\/wp-content\/uploads\/2023\/03\/Nica.png","contentUrl":"https:\/\/vasaroserdve.lt\/wp-content\/uploads\/2023\/03\/Nica.png","width":1792,"height":2400},{"@type":"BreadcrumbList","@id":"https:\/\/vasaroserdve.lt\/baldai\/lauko-baldu-komplektas-nica\/#breadcrumb","itemListElement":[{"@type":"ListItem","position":1,"name":"Prad\u017eia","item":"https:\/\/vasaroserdve.lt\/"},{"@type":"ListItem","position":2,"name":"Katalogas","item":"https:\/\/vasaroserdve.lt\/katalogas\/"},{"@type":"ListItem","position":3,"name":"Lauko bald\u0173 komplektas &#8211; Nica"}]},{"@type":"WebSite","@id":"https:\/\/vasaroserdve.lt\/#website","url":"https:\/\/vasaroserdve.lt\/","name":"Vasaros Erdv\u0117","description":"Vasaros lauko bald\u0173 ekspertai pristatantys auk\u0161\u010diausios klas\u0117s sprendimus","publisher":{"@id":"https:\/\/vasaroserdve.lt\/#organization"},"alternateName":"Summer Lounge","potentialAction":[{"@type":"SearchAction","target":{"@type":"EntryPoint","urlTemplate":"https:\/\/vasaroserdve.lt\/?s={search_term_string}"},"query-input":{"@type":"PropertyValueSpecification","valueRequired":true,"valueName":"search_term_string"}}],"inLanguage":"en-US"},{"@type":"Organization","@id":"https:\/\/vasaroserdve.lt\/#organization","name":"Vasaros Erdv\u0117","alternateName":"Summer Lounge","url":"https:\/\/vasaroserdve.lt\/","logo":{"@type":"ImageObject","inLanguage":"en-US","@id":"https:\/\/vasaroserdve.lt\/#\/schema\/logo\/image\/","url":"https:\/\/vasaroserdve.lt\/wp-content\/uploads\/2023\/01\/cropped-favicon-3.png","contentUrl":"https:\/\/vasaroserdve.lt\/wp-content\/uploads\/2023\/01\/cropped-favicon-3.png","width":512,"height":512,"caption":"Vasaros Erdv\u0117"},"image":{"@id":"https:\/\/vasaroserdve.lt\/#\/schema\/logo\/image\/"},"sameAs":["https:\/\/www.facebook.com\/summerloungelietuva\/","https:\/\/www.instagram.com\/_summer_lounge_\/"]}]},"og_availability":"out of stock","product_availability":"out of stock","product_condition":"new"},"_links":{"self":[{"href":"https:\/\/vasaroserdve.lt\/en\/wp-json\/wp\/v2\/product\/4204","targetHints":{"allow":["GET"]}}],"collection":[{"href":"https:\/\/vasaroserdve.lt\/en\/wp-json\/wp\/v2\/product"}],"about":[{"href":"https:\/\/vasaroserdve.lt\/en\/wp-json\/wp\/v2\/types\/product"}],"wp:featuredmedia":[{"embeddable":true,"href":"https:\/\/vasaroserdve.lt\/en\/wp-json\/wp\/v2\/media\/7764"}],"wp:attachment":[{"href":"https:\/\/vasaroserdve.lt\/en\/wp-json\/wp\/v2\/media?parent=4204"}],"wp:term":[{"taxonomy":"product_brand","embeddable":true,"href":"https:\/\/vasaroserdve.lt\/en\/wp-json\/wp\/v2\/product_brand?post=4204"},{"taxonomy":"product_cat","embeddable":true,"href":"https:\/\/vasaroserdve.lt\/en\/wp-json\/wp\/v2\/product_cat?post=4204"},{"taxonomy":"product_tag","embeddable":true,"href":"https:\/\/vasaroserdve.lt\/en\/wp-json\/wp\/v2\/product_tag?post=4204"}],"curies":[{"name":"wp","href":"https:\/\/api.w.org\/{rel}","templated":true}]}}