{"id":4067,"date":"2023-03-05T19:39:08","date_gmt":"2023-03-05T19:39:08","guid":{"rendered":"https:\/\/vasaroserdve.lt\/?post_type=product&#038;p=4067"},"modified":"2026-03-27T14:07:41","modified_gmt":"2026-03-27T14:07:41","slug":"uzdangalas-300-x-300-cm","status":"publish","type":"product","link":"https:\/\/vasaroserdve.lt\/en\/furniture\/uzdangalas-300-x-300-cm\/","title":{"rendered":"U\u017edangalas 300 x 300 cm"},"content":{"rendered":"","protected":false},"excerpt":{"rendered":"<p>Bald\u0173 u\u017edangalai pagaminti i\u0161 tvirto Polyester Oxford 600D audinio. Itin lengvai u\u017esideda ir nusiima \u2013 \u0161iuos u\u017edangalus gali u\u017ed\u0117ti ant bald\u0173 net vienas \u017emogus. Jie yra labai prakti\u0161ki ir apsaugo baldus ne tik nuo sniego, \u0161al\u010dio ir lietaus, bet ir nuo saul\u0117s, laukini\u0173 gyv\u016bn\u0173 ir kit\u0173 i\u0161orini\u0173 veiksni\u0173. Kod\u0117l jums j\u0173 reikia? Tam, kad baldai kuo ilgiau tarnaut\u0173 ir neb\u016bt\u0173 paveikti nepalanki\u0173 oro s\u0105lyg\u0173 ar kit\u0173 i\u0161orini\u0173 poveiki\u0173.<\/p>\n<p>Ar jie kv\u0117puoja? Taip, m\u016bs\u0173 bald\u0173 u\u017edangalai yra kv\u0117puojantys, tod\u0117l baldai nesusiduria su dr\u0117gm\u0117s kaupimosi ir pel\u0117sio problemomis. Jums nereik\u0117s kiekvien\u0105 vakar\u0105 ne\u0161ti pagalvi\u0173 atgal \u012f namus \u2013 baldai i\u0161liks sausi ir \u0161var\u016bs vis\u0105 sezon\u0105.<\/p>\n<p>\u0160ie u\u017edangalai yra puikus sprendimas tiems, kurie nori u\u017etikrinti savo bald\u0173 ilgaam\u017ei\u0161kum\u0105 ir i\u0161laikyti juos puikios b\u016bkl\u0117s i\u0161tisus metus.<\/p>\n","protected":false},"featured_media":4057,"template":"","meta":{"_acf_changed":false},"product_brand":[],"product_cat":[141,118],"product_tag":[],"class_list":{"0":"post-4067","1":"product","2":"type-product","3":"status-publish","4":"has-post-thumbnail","6":"product_cat-aksesuarai","7":"product_cat-lauko-baldu-uzdangalai","8":"product_shipping_class-aksesuarai","10":"first","11":"instock","12":"taxable","13":"shipping-taxable","14":"purchasable","15":"product-type-simple"},"acf":[],"yoast_head":"<!-- This site is optimized with the Yoast SEO Premium plugin v23.0 (Yoast SEO v27.2) - https:\/\/yoast.com\/product\/yoast-seo-premium-wordpress\/ -->\n<title>U\u017edangalas 300 x 300 cm - Vasaros Erdv\u0117<\/title>\n<meta name=\"description\" content=\"M\u016bs\u0173 \u012fmon\u0117 specializuojasi lauko bald\u0173 i\u0161 ratano vyteles prekyboje. Mes si\u016blome plat\u0173 bald\u0173 asortiment\u0105, kuris apima visk\u0105 nuo sofos ir k\u0117d\u017ei\u0173 iki stal\u0173 ir saul\u0117s gult\u0173 ar pakabinam\u0173 kr\u0117sl\u0173. Baldai gaminami i\u0161 auk\u0161tos kokyb\u0117s ir ilgaam\u017ei\u0161kos HDPE ratano vyteles ir aliuminio r\u0117mo.\" \/>\n<meta name=\"robots\" content=\"index, follow, max-snippet:-1, max-image-preview:large, max-video-preview:-1\" \/>\n<link rel=\"canonical\" href=\"https:\/\/vasaroserdve.lt\/baldai\/uzdangalas-300-x-300-cm\/\" \/>\n<meta property=\"og:locale\" content=\"en_US\" \/>\n<meta property=\"og:type\" content=\"article\" \/>\n<meta property=\"og:title\" content=\"U\u017edangalas 300 x 300 cm\" \/>\n<meta property=\"og:description\" content=\"M\u016bs\u0173 \u012fmon\u0117 specializuojasi lauko bald\u0173 i\u0161 ratano vyteles prekyboje. Mes si\u016blome plat\u0173 bald\u0173 asortiment\u0105, kuris apima visk\u0105 nuo sofos ir k\u0117d\u017ei\u0173 iki stal\u0173 ir saul\u0117s gult\u0173 ar pakabinam\u0173 kr\u0117sl\u0173. Baldai gaminami i\u0161 auk\u0161tos kokyb\u0117s ir ilgaam\u017ei\u0161kos HDPE ratano vyteles ir aliuminio r\u0117mo.\" \/>\n<meta property=\"og:url\" content=\"https:\/\/vasaroserdve.lt\/baldai\/uzdangalas-300-x-300-cm\/\" \/>\n<meta property=\"og:site_name\" content=\"Vasaros Erdv\u0117\" \/>\n<meta property=\"article:publisher\" content=\"https:\/\/www.facebook.com\/summerloungelietuva\/\" \/>\n<meta property=\"article:modified_time\" content=\"2026-03-27T14:07:41+00:00\" \/>\n<meta property=\"og:image\" content=\"https:\/\/vasaroserdve.lt\/wp-content\/uploads\/2023\/03\/20058_NEU_Gros-300x300-1.jpg\" \/>\n\t<meta property=\"og:image:width\" content=\"1595\" \/>\n\t<meta property=\"og:image:height\" content=\"1595\" \/>\n\t<meta property=\"og:image:type\" content=\"image\/jpeg\" \/>\n<meta name=\"twitter:card\" content=\"summary_large_image\" \/>\n<meta name=\"twitter:label1\" content=\"Price\" \/>\n\t<meta name=\"twitter:data1\" content=\"139,00&nbsp;&euro; su PVM (21%)\" \/>\n\t<meta name=\"twitter:label2\" content=\"Availability\" \/>\n\t<meta name=\"twitter:data2\" content=\"In stock\" \/>\n<script type=\"application\/ld+json\" class=\"yoast-schema-graph\">{\"@context\":\"https:\/\/schema.org\",\"@graph\":[{\"@type\":\"WebPage\",\"@id\":\"https:\/\/vasaroserdve.lt\/baldai\/uzdangalas-300-x-300-cm\/\",\"url\":\"https:\/\/vasaroserdve.lt\/baldai\/uzdangalas-300-x-300-cm\/\",\"name\":\"U\u017edangalas 300 x 300 cm - Vasaros Erdv\u0117\",\"isPartOf\":{\"@id\":\"https:\/\/vasaroserdve.lt\/#website\"},\"primaryImageOfPage\":{\"@id\":\"https:\/\/vasaroserdve.lt\/baldai\/uzdangalas-300-x-300-cm\/#primaryimage\"},\"image\":{\"@id\":\"https:\/\/vasaroserdve.lt\/baldai\/uzdangalas-300-x-300-cm\/#primaryimage\"},\"thumbnailUrl\":\"https:\/\/vasaroserdve.lt\/wp-content\/uploads\/2023\/03\/20058_NEU_Gros-300x300-1.jpg\",\"datePublished\":\"2023-03-05T19:39:08+00:00\",\"dateModified\":\"2026-03-27T14:07:41+00:00\",\"description\":\"M\u016bs\u0173 \u012fmon\u0117 specializuojasi lauko bald\u0173 i\u0161 ratano vyteles prekyboje. Mes si\u016blome plat\u0173 bald\u0173 asortiment\u0105, kuris apima visk\u0105 nuo sofos ir k\u0117d\u017ei\u0173 iki stal\u0173 ir saul\u0117s gult\u0173 ar pakabinam\u0173 kr\u0117sl\u0173. Baldai gaminami i\u0161 auk\u0161tos kokyb\u0117s ir ilgaam\u017ei\u0161kos HDPE ratano vyteles ir aliuminio r\u0117mo.\",\"breadcrumb\":{\"@id\":\"https:\/\/vasaroserdve.lt\/baldai\/uzdangalas-300-x-300-cm\/#breadcrumb\"},\"inLanguage\":\"en-US\",\"potentialAction\":[{\"@type\":\"ReadAction\",\"target\":[\"https:\/\/vasaroserdve.lt\/baldai\/uzdangalas-300-x-300-cm\/\"]}]},{\"@type\":\"ImageObject\",\"inLanguage\":\"en-US\",\"@id\":\"https:\/\/vasaroserdve.lt\/baldai\/uzdangalas-300-x-300-cm\/#primaryimage\",\"url\":\"https:\/\/vasaroserdve.lt\/wp-content\/uploads\/2023\/03\/20058_NEU_Gros-300x300-1.jpg\",\"contentUrl\":\"https:\/\/vasaroserdve.lt\/wp-content\/uploads\/2023\/03\/20058_NEU_Gros-300x300-1.jpg\",\"width\":1595,\"height\":1595},{\"@type\":\"BreadcrumbList\",\"@id\":\"https:\/\/vasaroserdve.lt\/baldai\/uzdangalas-300-x-300-cm\/#breadcrumb\",\"itemListElement\":[{\"@type\":\"ListItem\",\"position\":1,\"name\":\"Prad\u017eia\",\"item\":\"https:\/\/vasaroserdve.lt\/\"},{\"@type\":\"ListItem\",\"position\":2,\"name\":\"Katalogas\",\"item\":\"https:\/\/vasaroserdve.lt\/katalogas\/\"},{\"@type\":\"ListItem\",\"position\":3,\"name\":\"U\u017edangalas 300 x 300 cm\"}]},{\"@type\":\"WebSite\",\"@id\":\"https:\/\/vasaroserdve.lt\/#website\",\"url\":\"https:\/\/vasaroserdve.lt\/\",\"name\":\"Vasaros Erdv\u0117\",\"description\":\"Vasaros lauko bald\u0173 ekspertai pristatantys auk\u0161\u010diausios klas\u0117s sprendimus\",\"publisher\":{\"@id\":\"https:\/\/vasaroserdve.lt\/#organization\"},\"alternateName\":\"Summer Lounge\",\"potentialAction\":[{\"@type\":\"SearchAction\",\"target\":{\"@type\":\"EntryPoint\",\"urlTemplate\":\"https:\/\/vasaroserdve.lt\/?s={search_term_string}\"},\"query-input\":{\"@type\":\"PropertyValueSpecification\",\"valueRequired\":true,\"valueName\":\"search_term_string\"}}],\"inLanguage\":\"en-US\"},{\"@type\":\"Organization\",\"@id\":\"https:\/\/vasaroserdve.lt\/#organization\",\"name\":\"Vasaros Erdv\u0117\",\"alternateName\":\"Summer Lounge\",\"url\":\"https:\/\/vasaroserdve.lt\/\",\"logo\":{\"@type\":\"ImageObject\",\"inLanguage\":\"en-US\",\"@id\":\"https:\/\/vasaroserdve.lt\/#\/schema\/logo\/image\/\",\"url\":\"https:\/\/vasaroserdve.lt\/wp-content\/uploads\/2023\/01\/cropped-favicon-3.png\",\"contentUrl\":\"https:\/\/vasaroserdve.lt\/wp-content\/uploads\/2023\/01\/cropped-favicon-3.png\",\"width\":512,\"height\":512,\"caption\":\"Vasaros Erdv\u0117\"},\"image\":{\"@id\":\"https:\/\/vasaroserdve.lt\/#\/schema\/logo\/image\/\"},\"sameAs\":[\"https:\/\/www.facebook.com\/summerloungelietuva\/\",\"https:\/\/www.instagram.com\/_summer_lounge_\/\"]}]}<\/script>\n<meta property=\"product:price:amount\" content=\"139.00\" \/>\n<meta property=\"product:price:currency\" content=\"EUR\" \/>\n<meta property=\"og:availability\" content=\"instock\" \/>\n<meta property=\"product:availability\" content=\"instock\" \/>\n<meta property=\"product:condition\" content=\"new\" \/>\n<!-- \/ Yoast SEO Premium plugin. -->","yoast_head_json":{"title":"U\u017edangalas 300 x 300 cm - Vasaros Erdv\u0117","description":"M\u016bs\u0173 \u012fmon\u0117 specializuojasi lauko bald\u0173 i\u0161 ratano vyteles prekyboje. Mes si\u016blome plat\u0173 bald\u0173 asortiment\u0105, kuris apima visk\u0105 nuo sofos ir k\u0117d\u017ei\u0173 iki stal\u0173 ir saul\u0117s gult\u0173 ar pakabinam\u0173 kr\u0117sl\u0173. Baldai gaminami i\u0161 auk\u0161tos kokyb\u0117s ir ilgaam\u017ei\u0161kos HDPE ratano vyteles ir aliuminio r\u0117mo.","robots":{"index":"index","follow":"follow","max-snippet":"max-snippet:-1","max-image-preview":"max-image-preview:large","max-video-preview":"max-video-preview:-1"},"canonical":"https:\/\/vasaroserdve.lt\/baldai\/uzdangalas-300-x-300-cm\/","og_locale":"en_US","og_type":"article","og_title":"U\u017edangalas 300 x 300 cm","og_description":"M\u016bs\u0173 \u012fmon\u0117 specializuojasi lauko bald\u0173 i\u0161 ratano vyteles prekyboje. Mes si\u016blome plat\u0173 bald\u0173 asortiment\u0105, kuris apima visk\u0105 nuo sofos ir k\u0117d\u017ei\u0173 iki stal\u0173 ir saul\u0117s gult\u0173 ar pakabinam\u0173 kr\u0117sl\u0173. Baldai gaminami i\u0161 auk\u0161tos kokyb\u0117s ir ilgaam\u017ei\u0161kos HDPE ratano vyteles ir aliuminio r\u0117mo.","og_url":"https:\/\/vasaroserdve.lt\/baldai\/uzdangalas-300-x-300-cm\/","og_site_name":"Vasaros Erdv\u0117","article_publisher":"https:\/\/www.facebook.com\/summerloungelietuva\/","article_modified_time":"2026-03-27T14:07:41+00:00","og_image":[{"width":1595,"height":1595,"url":"https:\/\/vasaroserdve.lt\/wp-content\/uploads\/2023\/03\/20058_NEU_Gros-300x300-1.jpg","type":"image\/jpeg"}],"twitter_card":"summary_large_image","twitter_misc":{"Price":"139,00&nbsp;&euro; su PVM (21%)","Availability":"In stock"},"schema":{"@context":"https:\/\/schema.org","@graph":[{"@type":"WebPage","@id":"https:\/\/vasaroserdve.lt\/baldai\/uzdangalas-300-x-300-cm\/","url":"https:\/\/vasaroserdve.lt\/baldai\/uzdangalas-300-x-300-cm\/","name":"U\u017edangalas 300 x 300 cm - Vasaros Erdv\u0117","isPartOf":{"@id":"https:\/\/vasaroserdve.lt\/#website"},"primaryImageOfPage":{"@id":"https:\/\/vasaroserdve.lt\/baldai\/uzdangalas-300-x-300-cm\/#primaryimage"},"image":{"@id":"https:\/\/vasaroserdve.lt\/baldai\/uzdangalas-300-x-300-cm\/#primaryimage"},"thumbnailUrl":"https:\/\/vasaroserdve.lt\/wp-content\/uploads\/2023\/03\/20058_NEU_Gros-300x300-1.jpg","datePublished":"2023-03-05T19:39:08+00:00","dateModified":"2026-03-27T14:07:41+00:00","description":"M\u016bs\u0173 \u012fmon\u0117 specializuojasi lauko bald\u0173 i\u0161 ratano vyteles prekyboje. Mes si\u016blome plat\u0173 bald\u0173 asortiment\u0105, kuris apima visk\u0105 nuo sofos ir k\u0117d\u017ei\u0173 iki stal\u0173 ir saul\u0117s gult\u0173 ar pakabinam\u0173 kr\u0117sl\u0173. Baldai gaminami i\u0161 auk\u0161tos kokyb\u0117s ir ilgaam\u017ei\u0161kos HDPE ratano vyteles ir aliuminio r\u0117mo.","breadcrumb":{"@id":"https:\/\/vasaroserdve.lt\/baldai\/uzdangalas-300-x-300-cm\/#breadcrumb"},"inLanguage":"en-US","potentialAction":[{"@type":"ReadAction","target":["https:\/\/vasaroserdve.lt\/baldai\/uzdangalas-300-x-300-cm\/"]}]},{"@type":"ImageObject","inLanguage":"en-US","@id":"https:\/\/vasaroserdve.lt\/baldai\/uzdangalas-300-x-300-cm\/#primaryimage","url":"https:\/\/vasaroserdve.lt\/wp-content\/uploads\/2023\/03\/20058_NEU_Gros-300x300-1.jpg","contentUrl":"https:\/\/vasaroserdve.lt\/wp-content\/uploads\/2023\/03\/20058_NEU_Gros-300x300-1.jpg","width":1595,"height":1595},{"@type":"BreadcrumbList","@id":"https:\/\/vasaroserdve.lt\/baldai\/uzdangalas-300-x-300-cm\/#breadcrumb","itemListElement":[{"@type":"ListItem","position":1,"name":"Prad\u017eia","item":"https:\/\/vasaroserdve.lt\/"},{"@type":"ListItem","position":2,"name":"Katalogas","item":"https:\/\/vasaroserdve.lt\/katalogas\/"},{"@type":"ListItem","position":3,"name":"U\u017edangalas 300 x 300 cm"}]},{"@type":"WebSite","@id":"https:\/\/vasaroserdve.lt\/#website","url":"https:\/\/vasaroserdve.lt\/","name":"Vasaros Erdv\u0117","description":"Vasaros lauko bald\u0173 ekspertai pristatantys auk\u0161\u010diausios klas\u0117s sprendimus","publisher":{"@id":"https:\/\/vasaroserdve.lt\/#organization"},"alternateName":"Summer Lounge","potentialAction":[{"@type":"SearchAction","target":{"@type":"EntryPoint","urlTemplate":"https:\/\/vasaroserdve.lt\/?s={search_term_string}"},"query-input":{"@type":"PropertyValueSpecification","valueRequired":true,"valueName":"search_term_string"}}],"inLanguage":"en-US"},{"@type":"Organization","@id":"https:\/\/vasaroserdve.lt\/#organization","name":"Vasaros Erdv\u0117","alternateName":"Summer Lounge","url":"https:\/\/vasaroserdve.lt\/","logo":{"@type":"ImageObject","inLanguage":"en-US","@id":"https:\/\/vasaroserdve.lt\/#\/schema\/logo\/image\/","url":"https:\/\/vasaroserdve.lt\/wp-content\/uploads\/2023\/01\/cropped-favicon-3.png","contentUrl":"https:\/\/vasaroserdve.lt\/wp-content\/uploads\/2023\/01\/cropped-favicon-3.png","width":512,"height":512,"caption":"Vasaros Erdv\u0117"},"image":{"@id":"https:\/\/vasaroserdve.lt\/#\/schema\/logo\/image\/"},"sameAs":["https:\/\/www.facebook.com\/summerloungelietuva\/","https:\/\/www.instagram.com\/_summer_lounge_\/"]}]},"product_price_amount":"139.00","product_price_currency":"EUR","og_availability":"instock","product_availability":"instock","product_condition":"new"},"_links":{"self":[{"href":"https:\/\/vasaroserdve.lt\/en\/wp-json\/wp\/v2\/product\/4067","targetHints":{"allow":["GET"]}}],"collection":[{"href":"https:\/\/vasaroserdve.lt\/en\/wp-json\/wp\/v2\/product"}],"about":[{"href":"https:\/\/vasaroserdve.lt\/en\/wp-json\/wp\/v2\/types\/product"}],"wp:featuredmedia":[{"embeddable":true,"href":"https:\/\/vasaroserdve.lt\/en\/wp-json\/wp\/v2\/media\/4057"}],"wp:attachment":[{"href":"https:\/\/vasaroserdve.lt\/en\/wp-json\/wp\/v2\/media?parent=4067"}],"wp:term":[{"taxonomy":"product_brand","embeddable":true,"href":"https:\/\/vasaroserdve.lt\/en\/wp-json\/wp\/v2\/product_brand?post=4067"},{"taxonomy":"product_cat","embeddable":true,"href":"https:\/\/vasaroserdve.lt\/en\/wp-json\/wp\/v2\/product_cat?post=4067"},{"taxonomy":"product_tag","embeddable":true,"href":"https:\/\/vasaroserdve.lt\/en\/wp-json\/wp\/v2\/product_tag?post=4067"}],"curies":[{"name":"wp","href":"https:\/\/api.w.org\/{rel}","templated":true}]}}